{"id":66,"date":"2015-04-17T08:24:10","date_gmt":"2015-04-17T08:24:10","guid":{"rendered":"http:\/\/themes.muffingroup.com\/be\/carrental\/?page_id=2"},"modified":"2024-03-31T21:33:37","modified_gmt":"2024-03-31T19:33:37","slug":"home","status":"publish","type":"page","link":"https:\/\/comiccon-alt.coalo.dev\/de","title":{"rendered":"Home"},"content":{"rendered":"<p><!--\n\n\n<h2 class=\"fancy_heading\" style=\"text-align: center;\"><span style=\"display: inline-block; width: 0px; overflow: hidden; line-height: 0;\" data-mce-type=\"bookmark\" class=\"mce_SELRES_start\"><\/span><strong>DANKESCH\u00d6N!\n<\/strong><\/h2>\n\n\n\n\n<p style=\"text-align: center;\">Ein fantastisches <strong><em>CCON | COMIC CON STUTTGART 2022<\/em><\/strong> - Wochenende liegt hinter uns und wir danken an dieser Stelle allen Beteiligten vor und hinter den Kulissen, unseren Besucherinnen und Besuchern und allen, die dieses Event wieder einmal zu einem einmaligen Erlebnis gemacht haben. Bis n\u00e4chstes Jahr!!!<\/p>\n\n\n--><\/p>\n<h2 class=\"fancy_heading\" style=\"text-align: center;\"><strong>WANN? -&gt; 30. November und 1. Dezember 2024 <\/strong><\/h2>\n<p style=\"text-align: center;\">Freu dich auf Film- und Serienstars, Cosplayer, Comiczeichner*innen, Merchandise-H\u00e4ndler, Fangruppen, Sonderaktionen und vieles mehr. Sichere dir jetzt dein Ticket f\u00fcr die CCON | COMIC CON STUTTGART<strong><em>.<\/em><\/strong><\/p>\n<h2 class=\"fancy_heading\" style=\"text-align: center;\"><strong>WO? Messegel\u00e4nde Stuttgart<\/strong><\/h2>\n<p style=\"text-align: center;\">Die Messe Stuttgart ist ideal angebunden und der perfekte Veranstaltungsort f\u00fcr die CCON | COMIC CON STUTTGART. Die <strong>CCON<\/strong> findet dieses Jahr wieder in den Hallen 4, 6 und 8, im Atrium und im Foyerbereich statt. Mehr Details zum Programm, Gaststars und Attraktionen folgen.<\/p>\n<h2 class=\"fancy_heading\" style=\"text-align: center;\"><strong>WIE? Tickets f\u00fcr 2024 bequem online bestellen<\/strong><\/h2>\n<p class=\"fancy_heading\" style=\"text-align: center;\">Sichere sie dir jetzt <!-- Bestelle dein Ticket f\u00fcr dich und deine Freunde einfach <a href=\"https:\/\/comiccon.de\/de\/tickets\/\">hier <\/a>online und lasse es dir komfortabel per E-Mail zuschicken. -->im <strong><a href=\"https:\/\/www.eventbrite.de\/e\/ccon-comic-con-stuttgart-2024-tickets-848464097957\" target=\"_blank\" rel=\"noopener\">Ticketshop<\/a><\/strong>.<\/p>\n<h2 class=\"fancy_heading\" style=\"text-align: center;\"><strong>Fotosessions\/Autogrammstunden mit den Stars? Na klar!<br \/>\n<\/strong><\/h2>\n<p style=\"text-align: center;\"><!--Nachdem du dein Tagesticket bestellt hast, kannst du <a href=\"https:\/\/comiccon.de\/de\/special-tickets\">hier <\/a>deine pers\u00f6nliche Fotosession oder dein eigenes Autogramm buchen.-->Autogramm- und Fotosession-Gutscheine f\u00fcr bereits angek\u00fcndigte Starg\u00e4ste finden sich bald an dieser Stelle.<\/p>\n","protected":false},"excerpt":{"rendered":"<p>WANN? -&gt; 30. November und 1. Dezember 2024 Freu dich auf Film- und Serienstars, Cosplayer, Comiczeichner*innen, Merchandise-H\u00e4ndler, Fangruppen, Sonderaktionen und vieles mehr. Sichere dir jetzt dein<span class=\"excerpt-hellip\"> [\u2026]<\/span><\/p>\n","protected":false},"author":1,"featured_media":0,"parent":0,"menu_order":0,"comment_status":"open","ping_status":"open","template":"","meta":{"footnotes":""},"yoast_head":"<!-- This site is optimized with the Yoast SEO plugin v22.6 - https:\/\/yoast.com\/wordpress\/plugins\/seo\/ -->\n<title>Home - CCON |\u00a0COMIC CON STUTTGART<\/title>\n<meta name=\"description\" content=\"Herzlich willkommen bei der CCON | COMIC CON STUTTGART in Stuttgart. Zum vierten Mal werden wir in 2020 eine Mischung aus Comics, Cosplay, Schauspielern ...\" \/>\n<meta name=\"robots\" content=\"index, follow, max-snippet:-1, max-image-preview:large, max-video-preview:-1\" \/>\n<link rel=\"canonical\" href=\"https:\/\/comiccon-alt.coalo.dev\/de\/\" \/>\n<meta property=\"og:locale\" content=\"de_DE\" \/>\n<meta property=\"og:type\" content=\"article\" \/>\n<meta property=\"og:title\" content=\"Home - CCON |\u00a0COMIC CON STUTTGART\" \/>\n<meta property=\"og:description\" content=\"Herzlich willkommen bei der CCON | COMIC CON STUTTGART in Stuttgart. Zum vierten Mal werden wir in 2020 eine Mischung aus Comics, Cosplay, Schauspielern ...\" \/>\n<meta property=\"og:url\" content=\"https:\/\/comiccon-alt.coalo.dev\/de\/\" \/>\n<meta property=\"og:site_name\" content=\"CCON |\u00a0COMIC CON STUTTGART\" \/>\n<meta property=\"article:publisher\" content=\"https:\/\/www.facebook.com\/ccon.comicconstuttgart\" \/>\n<meta property=\"article:modified_time\" content=\"2024-03-31T19:33:37+00:00\" \/>\n<meta name=\"twitter:card\" content=\"summary_large_image\" \/>\n<meta name=\"twitter:site\" content=\"@cconstuttgart\" \/>\n<meta name=\"twitter:label1\" content=\"Gesch\u00e4tzte Lesezeit\" \/>\n\t<meta name=\"twitter:data1\" content=\"1\u00a0Minute\" \/>\n<script type=\"application\/ld+json\" class=\"yoast-schema-graph\">{\"@context\":\"https:\/\/schema.org\",\"@graph\":[{\"@type\":\"WebPage\",\"@id\":\"https:\/\/comiccon-alt.coalo.dev\/de\",\"url\":\"https:\/\/comiccon-alt.coalo.dev\/de\/\",\"name\":\"Home - CCON |\u00a0COMIC CON STUTTGART\",\"isPartOf\":{\"@id\":\"https:\/\/comiccon-alt.coalo.dev\/de\/#website\"},\"datePublished\":\"2015-04-17T08:24:10+00:00\",\"dateModified\":\"2024-03-31T19:33:37+00:00\",\"description\":\"Herzlich willkommen bei der CCON | COMIC CON STUTTGART in Stuttgart. Zum vierten Mal werden wir in 2020 eine Mischung aus Comics, Cosplay, Schauspielern ...\",\"breadcrumb\":{\"@id\":\"https:\/\/comiccon-alt.coalo.dev\/de\/#breadcrumb\"},\"inLanguage\":\"de\",\"potentialAction\":[{\"@type\":\"ReadAction\",\"target\":[\"https:\/\/comiccon-alt.coalo.dev\/de\/\"]}]},{\"@type\":\"BreadcrumbList\",\"@id\":\"https:\/\/comiccon-alt.coalo.dev\/de\/#breadcrumb\",\"itemListElement\":[{\"@type\":\"ListItem\",\"position\":1,\"name\":\"Startseite\",\"item\":\"https:\/\/comiccon-alt.coalo.dev\/de\"},{\"@type\":\"ListItem\",\"position\":2,\"name\":\"Home\"}]},{\"@type\":\"WebSite\",\"@id\":\"https:\/\/comiccon-alt.coalo.dev\/de\/#website\",\"url\":\"https:\/\/comiccon-alt.coalo.dev\/de\/\",\"name\":\"CCON | COMIC CON STUTTGART\",\"description\":\"meet your movie- und tv-stars\",\"potentialAction\":[{\"@type\":\"SearchAction\",\"target\":{\"@type\":\"EntryPoint\",\"urlTemplate\":\"https:\/\/comiccon-alt.coalo.dev\/de\/?s={search_term_string}\"},\"query-input\":\"required name=search_term_string\"}],\"inLanguage\":\"de\"}]}<\/script>\n<!-- \/ Yoast SEO plugin. -->","yoast_head_json":{"title":"Home - CCON |\u00a0COMIC CON STUTTGART","description":"Herzlich willkommen bei der CCON | COMIC CON STUTTGART in Stuttgart. Zum vierten Mal werden wir in 2020 eine Mischung aus Comics, Cosplay, Schauspielern ...","robots":{"index":"index","follow":"follow","max-snippet":"max-snippet:-1","max-image-preview":"max-image-preview:large","max-video-preview":"max-video-preview:-1"},"canonical":"https:\/\/comiccon-alt.coalo.dev\/de\/","og_locale":"de_DE","og_type":"article","og_title":"Home - CCON |\u00a0COMIC CON STUTTGART","og_description":"Herzlich willkommen bei der CCON | COMIC CON STUTTGART in Stuttgart. Zum vierten Mal werden wir in 2020 eine Mischung aus Comics, Cosplay, Schauspielern ...","og_url":"https:\/\/comiccon-alt.coalo.dev\/de\/","og_site_name":"CCON |\u00a0COMIC CON STUTTGART","article_publisher":"https:\/\/www.facebook.com\/ccon.comicconstuttgart","article_modified_time":"2024-03-31T19:33:37+00:00","twitter_card":"summary_large_image","twitter_site":"@cconstuttgart","twitter_misc":{"Gesch\u00e4tzte Lesezeit":"1\u00a0Minute"},"schema":{"@context":"https:\/\/schema.org","@graph":[{"@type":"WebPage","@id":"https:\/\/comiccon-alt.coalo.dev\/de","url":"https:\/\/comiccon-alt.coalo.dev\/de\/","name":"Home - CCON |\u00a0COMIC CON STUTTGART","isPartOf":{"@id":"https:\/\/comiccon-alt.coalo.dev\/de\/#website"},"datePublished":"2015-04-17T08:24:10+00:00","dateModified":"2024-03-31T19:33:37+00:00","description":"Herzlich willkommen bei der CCON | COMIC CON STUTTGART in Stuttgart. Zum vierten Mal werden wir in 2020 eine Mischung aus Comics, Cosplay, Schauspielern ...","breadcrumb":{"@id":"https:\/\/comiccon-alt.coalo.dev\/de\/#breadcrumb"},"inLanguage":"de","potentialAction":[{"@type":"ReadAction","target":["https:\/\/comiccon-alt.coalo.dev\/de\/"]}]},{"@type":"BreadcrumbList","@id":"https:\/\/comiccon-alt.coalo.dev\/de\/#breadcrumb","itemListElement":[{"@type":"ListItem","position":1,"name":"Startseite","item":"https:\/\/comiccon-alt.coalo.dev\/de"},{"@type":"ListItem","position":2,"name":"Home"}]},{"@type":"WebSite","@id":"https:\/\/comiccon-alt.coalo.dev\/de\/#website","url":"https:\/\/comiccon-alt.coalo.dev\/de\/","name":"CCON | COMIC CON STUTTGART","description":"meet your movie- und tv-stars","potentialAction":[{"@type":"SearchAction","target":{"@type":"EntryPoint","urlTemplate":"https:\/\/comiccon-alt.coalo.dev\/de\/?s={search_term_string}"},"query-input":"required name=search_term_string"}],"inLanguage":"de"}]}},"_links":{"self":[{"href":"https:\/\/comiccon-alt.coalo.dev\/de\/wp-json\/wp\/v2\/pages\/66"}],"collection":[{"href":"https:\/\/comiccon-alt.coalo.dev\/de\/wp-json\/wp\/v2\/pages"}],"about":[{"href":"https:\/\/comiccon-alt.coalo.dev\/de\/wp-json\/wp\/v2\/types\/page"}],"author":[{"embeddable":true,"href":"https:\/\/comiccon-alt.coalo.dev\/de\/wp-json\/wp\/v2\/users\/1"}],"replies":[{"embeddable":true,"href":"https:\/\/comiccon-alt.coalo.dev\/de\/wp-json\/wp\/v2\/comments?post=66"}],"version-history":[{"count":12,"href":"https:\/\/comiccon-alt.coalo.dev\/de\/wp-json\/wp\/v2\/pages\/66\/revisions"}],"predecessor-version":[{"id":18598,"href":"https:\/\/comiccon-alt.coalo.dev\/de\/wp-json\/wp\/v2\/pages\/66\/revisions\/18598"}],"wp:attachment":[{"href":"https:\/\/comiccon-alt.coalo.dev\/de\/wp-json\/wp\/v2\/media?parent=66"}],"curies":[{"name":"wp","href":"https:\/\/api.w.org\/{rel}","templated":true}]}}